{"id":37,"date":"2016-11-22T14:38:53","date_gmt":"2016-11-22T14:38:53","guid":{"rendered":"http:\/\/paul-vialard.com\/en\/?page_id=37"},"modified":"2021-03-29T16:27:17","modified_gmt":"2021-03-29T15:27:17","slug":"my-experience-as-a-trainer","status":"publish","type":"page","link":"https:\/\/paul-vialard.com\/en\/my-experience-as-a-trainer\/","title":{"rendered":"Who am I?"},"content":{"rendered":"\n<div class=\"wp-block-image\"><figure class=\"aligncenter size-medium\"><img loading=\"lazy\" decoding=\"async\" width=\"300\" height=\"200\" src=\"https:\/\/paul-vialard.com\/en\/wp-content\/uploads\/sites\/3\/2021\/03\/Paul-min-300x200.jpg\" alt=\"\" class=\"wp-image-254\" srcset=\"https:\/\/paul-vialard.com\/en\/wp-content\/uploads\/sites\/3\/2021\/03\/Paul-min-300x200.jpg 300w, https:\/\/paul-vialard.com\/en\/wp-content\/uploads\/sites\/3\/2021\/03\/Paul-min-1024x683.jpg 1024w, https:\/\/paul-vialard.com\/en\/wp-content\/uploads\/sites\/3\/2021\/03\/Paul-min-768x512.jpg 768w, https:\/\/paul-vialard.com\/en\/wp-content\/uploads\/sites\/3\/2021\/03\/Paul-min-1536x1024.jpg 1536w, https:\/\/paul-vialard.com\/en\/wp-content\/uploads\/sites\/3\/2021\/03\/Paul-min-2048x1365.jpg 2048w, https:\/\/paul-vialard.com\/en\/wp-content\/uploads\/sites\/3\/2021\/03\/Paul-min-720x480.jpg 720w\" sizes=\"(max-width: 300px) 100vw, 300px\" \/><\/figure><\/div>\n\n\n<p>As the director of Speak Up Consulting, I have been providing public speaking training for executives, managers and teams at various companies and institutions throughout Europe for nearly 15 years.<\/p>\n<hr>\n<p>I am a <strong>teacher at Sciences Po Paris<\/strong>, both for the Faculty and for the professional continuing education programmes. <strong>I regularly work for HEC Paris <\/strong>(France&#8217;s world-class business school) as a speaker on stress management techniques and Public Speaking for the MBA and the EMBA courses.<\/p>\n<p><strong>I specialize in vocal techniques <\/strong>and have worked as a coach for companies such as Ernst &amp; Young, L\u2019Or\u00e9al, Lagard\u00e8re, Dalkia and Areva. I regularly collaborate with training companies in the UK, in Germany and in France, including Neon Leaderhsip, Step System International, Indigo Partnership and ICM associates.<\/p>\n<p>My background is<strong> both academic and artistic<\/strong>. I am a graduate of <strong>Sciences Po, Paris<\/strong> and <strong>King\u2019s College London<\/strong> (Entente Cordiale scholar). I began playing cello at the age of five and also studied lyrical singing at the <strong>Royal College of Music in London<\/strong>. I currently study songwriting with renown French lyricist Claude Lemesle.<\/p>\n<p>I have developed a <strong>pedagogical approach bridging between music, singing and Public Speaking<\/strong>. On that front, I often collaborate with L\u00e9onie Simaga, former member of the Com\u00e9die Fran\u00e7aise and Maxime Thomas, choreographer and dancer at the Ballet of the National Paris Opera.<\/p>\n<p>In parallel, I conduct<strong> team-building workshops through singing and music<\/strong> for corporate clients and universities such as Bouygues, ESCP (business school), and l\u2019Ecole des Gobelins (School of Image &#8211; Paris).<\/p>\n<p>I am deeply involved in making Public Speaking a core discipline in French national education. With Cyril Delhay (author of a groundbreaking report commissioned in June 2019 by the French Minister of National Education and Youth on the place of Public Speaking in educational syllabus), <strong>I recently published \u201cJe r\u00e9ussis mon Grand Oral du Bac\u201d<\/strong> (<strong>Hachette Education, 2020<\/strong>), a workbook aimed at helping high school pupils towards the new oral exam of the French <em>baccalaur\u00e9at<\/em>, implemented after the report&#8217;s recommandations.<\/p>\n<p>I deliver <strong>regular Public Speaking workshops in high schools<\/strong>, in Paris and Ile-de-France, and am a guest speaker for various French educational academies.<\/p>\n<hr>\n\n","protected":false},"excerpt":{"rendered":"<p>As the director of Speak Up Consulting, I have been providing public speaking training for executives, managers and teams at various companies and institutions throughout Europe for nearly 15 years. I am a teacher at Sciences Po Paris, both for [&hellip;]<\/p>\n","protected":false},"author":1,"featured_media":0,"parent":0,"menu_order":0,"comment_status":"closed","ping_status":"closed","template":"","meta":{"footnotes":""},"class_list":["post-37","page","type-page","status-publish","hentry"],"yoast_head":"<!-- This site is optimized with the Yoast SEO plugin v23.5 - https:\/\/yoast.com\/wordpress\/plugins\/seo\/ -->\n<title>Who am I? - Paul Vialard<\/title>\n<meta name=\"description\" content=\"Paul Vialard has been a trainer in Public Speaking for nearly 15 years. He trains people internationally both in French and English.\" \/>\n<meta name=\"robots\" content=\"index, follow, max-snippet:-1, max-image-preview:large, max-video-preview:-1\" \/>\n<link rel=\"canonical\" href=\"https:\/\/paul-vialard.com\/en\/my-experience-as-a-trainer\/\" \/>\n<meta property=\"og:locale\" content=\"en_GB\" \/>\n<meta property=\"og:type\" content=\"article\" \/>\n<meta property=\"og:title\" content=\"Who am I? - Paul Vialard\" \/>\n<meta property=\"og:description\" content=\"Paul Vialard has been a trainer in Public Speaking for nearly 15 years. He trains people internationally both in French and English.\" \/>\n<meta property=\"og:url\" content=\"https:\/\/paul-vialard.com\/en\/my-experience-as-a-trainer\/\" \/>\n<meta property=\"og:site_name\" content=\"Paul Vialard\" \/>\n<meta property=\"article:modified_time\" content=\"2021-03-29T15:27:17+00:00\" \/>\n<meta property=\"og:image\" content=\"https:\/\/paul-vialard.com\/en\/wp-content\/uploads\/sites\/3\/2021\/03\/Paul-min-scaled.jpg\" \/>\n\t<meta property=\"og:image:width\" content=\"2560\" \/>\n\t<meta property=\"og:image:height\" content=\"1707\" \/>\n\t<meta property=\"og:image:type\" content=\"image\/jpeg\" \/>\n<meta name=\"twitter:card\" content=\"summary_large_image\" \/>\n<meta name=\"twitter:label1\" content=\"Estimated reading time\" \/>\n\t<meta name=\"twitter:data1\" content=\"2 minutes\" \/>\n<script type=\"application\/ld+json\" class=\"yoast-schema-graph\">{\"@context\":\"https:\/\/schema.org\",\"@graph\":[{\"@type\":\"WebPage\",\"@id\":\"https:\/\/paul-vialard.com\/en\/my-experience-as-a-trainer\/\",\"url\":\"https:\/\/paul-vialard.com\/en\/my-experience-as-a-trainer\/\",\"name\":\"Who am I? - Paul Vialard\",\"isPartOf\":{\"@id\":\"https:\/\/paul-vialard.com\/en\/#website\"},\"primaryImageOfPage\":{\"@id\":\"https:\/\/paul-vialard.com\/en\/my-experience-as-a-trainer\/#primaryimage\"},\"image\":{\"@id\":\"https:\/\/paul-vialard.com\/en\/my-experience-as-a-trainer\/#primaryimage\"},\"thumbnailUrl\":\"https:\/\/paul-vialard.com\/en\/wp-content\/uploads\/sites\/3\/2021\/03\/Paul-min-300x200.jpg\",\"datePublished\":\"2016-11-22T14:38:53+00:00\",\"dateModified\":\"2021-03-29T15:27:17+00:00\",\"description\":\"Paul Vialard has been a trainer in Public Speaking for nearly 15 years. He trains people internationally both in French and English.\",\"breadcrumb\":{\"@id\":\"https:\/\/paul-vialard.com\/en\/my-experience-as-a-trainer\/#breadcrumb\"},\"inLanguage\":\"en-GB\",\"potentialAction\":[{\"@type\":\"ReadAction\",\"target\":[\"https:\/\/paul-vialard.com\/en\/my-experience-as-a-trainer\/\"]}]},{\"@type\":\"ImageObject\",\"inLanguage\":\"en-GB\",\"@id\":\"https:\/\/paul-vialard.com\/en\/my-experience-as-a-trainer\/#primaryimage\",\"url\":\"https:\/\/paul-vialard.com\/en\/wp-content\/uploads\/sites\/3\/2021\/03\/Paul-min-scaled.jpg\",\"contentUrl\":\"https:\/\/paul-vialard.com\/en\/wp-content\/uploads\/sites\/3\/2021\/03\/Paul-min-scaled.jpg\",\"width\":2560,\"height\":1707,\"caption\":\"Paul Vialard, trainer in Public Speaking and vocal coach\"},{\"@type\":\"BreadcrumbList\",\"@id\":\"https:\/\/paul-vialard.com\/en\/my-experience-as-a-trainer\/#breadcrumb\",\"itemListElement\":[{\"@type\":\"ListItem\",\"position\":1,\"name\":\"Accueil\",\"item\":\"https:\/\/paul-vialard.com\/en\/\"},{\"@type\":\"ListItem\",\"position\":2,\"name\":\"Who am I?\"}]},{\"@type\":\"WebSite\",\"@id\":\"https:\/\/paul-vialard.com\/en\/#website\",\"url\":\"https:\/\/paul-vialard.com\/en\/\",\"name\":\"Paul Vialard\",\"description\":\"Director of Speak-Up Consulting. Lecturer in Public Speaking at Sciences-Po Paris\",\"potentialAction\":[{\"@type\":\"SearchAction\",\"target\":{\"@type\":\"EntryPoint\",\"urlTemplate\":\"https:\/\/paul-vialard.com\/en\/?s={search_term_string}\"},\"query-input\":{\"@type\":\"PropertyValueSpecification\",\"valueRequired\":true,\"valueName\":\"search_term_string\"}}],\"inLanguage\":\"en-GB\"}]}<\/script>\n<!-- \/ Yoast SEO plugin. -->","yoast_head_json":{"title":"Who am I? - Paul Vialard","description":"Paul Vialard has been a trainer in Public Speaking for nearly 15 years. He trains people internationally both in French and English.","robots":{"index":"index","follow":"follow","max-snippet":"max-snippet:-1","max-image-preview":"max-image-preview:large","max-video-preview":"max-video-preview:-1"},"canonical":"https:\/\/paul-vialard.com\/en\/my-experience-as-a-trainer\/","og_locale":"en_GB","og_type":"article","og_title":"Who am I? - Paul Vialard","og_description":"Paul Vialard has been a trainer in Public Speaking for nearly 15 years. He trains people internationally both in French and English.","og_url":"https:\/\/paul-vialard.com\/en\/my-experience-as-a-trainer\/","og_site_name":"Paul Vialard","article_modified_time":"2021-03-29T15:27:17+00:00","og_image":[{"width":2560,"height":1707,"url":"https:\/\/paul-vialard.com\/en\/wp-content\/uploads\/sites\/3\/2021\/03\/Paul-min-scaled.jpg","type":"image\/jpeg"}],"twitter_card":"summary_large_image","twitter_misc":{"Estimated reading time":"2 minutes"},"schema":{"@context":"https:\/\/schema.org","@graph":[{"@type":"WebPage","@id":"https:\/\/paul-vialard.com\/en\/my-experience-as-a-trainer\/","url":"https:\/\/paul-vialard.com\/en\/my-experience-as-a-trainer\/","name":"Who am I? - Paul Vialard","isPartOf":{"@id":"https:\/\/paul-vialard.com\/en\/#website"},"primaryImageOfPage":{"@id":"https:\/\/paul-vialard.com\/en\/my-experience-as-a-trainer\/#primaryimage"},"image":{"@id":"https:\/\/paul-vialard.com\/en\/my-experience-as-a-trainer\/#primaryimage"},"thumbnailUrl":"https:\/\/paul-vialard.com\/en\/wp-content\/uploads\/sites\/3\/2021\/03\/Paul-min-300x200.jpg","datePublished":"2016-11-22T14:38:53+00:00","dateModified":"2021-03-29T15:27:17+00:00","description":"Paul Vialard has been a trainer in Public Speaking for nearly 15 years. He trains people internationally both in French and English.","breadcrumb":{"@id":"https:\/\/paul-vialard.com\/en\/my-experience-as-a-trainer\/#breadcrumb"},"inLanguage":"en-GB","potentialAction":[{"@type":"ReadAction","target":["https:\/\/paul-vialard.com\/en\/my-experience-as-a-trainer\/"]}]},{"@type":"ImageObject","inLanguage":"en-GB","@id":"https:\/\/paul-vialard.com\/en\/my-experience-as-a-trainer\/#primaryimage","url":"https:\/\/paul-vialard.com\/en\/wp-content\/uploads\/sites\/3\/2021\/03\/Paul-min-scaled.jpg","contentUrl":"https:\/\/paul-vialard.com\/en\/wp-content\/uploads\/sites\/3\/2021\/03\/Paul-min-scaled.jpg","width":2560,"height":1707,"caption":"Paul Vialard, trainer in Public Speaking and vocal coach"},{"@type":"BreadcrumbList","@id":"https:\/\/paul-vialard.com\/en\/my-experience-as-a-trainer\/#breadcrumb","itemListElement":[{"@type":"ListItem","position":1,"name":"Accueil","item":"https:\/\/paul-vialard.com\/en\/"},{"@type":"ListItem","position":2,"name":"Who am I?"}]},{"@type":"WebSite","@id":"https:\/\/paul-vialard.com\/en\/#website","url":"https:\/\/paul-vialard.com\/en\/","name":"Paul Vialard","description":"Director of Speak-Up Consulting. Lecturer in Public Speaking at Sciences-Po Paris","potentialAction":[{"@type":"SearchAction","target":{"@type":"EntryPoint","urlTemplate":"https:\/\/paul-vialard.com\/en\/?s={search_term_string}"},"query-input":{"@type":"PropertyValueSpecification","valueRequired":true,"valueName":"search_term_string"}}],"inLanguage":"en-GB"}]}},"_links":{"self":[{"href":"https:\/\/paul-vialard.com\/en\/wp-json\/wp\/v2\/pages\/37"}],"collection":[{"href":"https:\/\/paul-vialard.com\/en\/wp-json\/wp\/v2\/pages"}],"about":[{"href":"https:\/\/paul-vialard.com\/en\/wp-json\/wp\/v2\/types\/page"}],"author":[{"embeddable":true,"href":"https:\/\/paul-vialard.com\/en\/wp-json\/wp\/v2\/users\/1"}],"replies":[{"embeddable":true,"href":"https:\/\/paul-vialard.com\/en\/wp-json\/wp\/v2\/comments?post=37"}],"version-history":[{"count":31,"href":"https:\/\/paul-vialard.com\/en\/wp-json\/wp\/v2\/pages\/37\/revisions"}],"predecessor-version":[{"id":296,"href":"https:\/\/paul-vialard.com\/en\/wp-json\/wp\/v2\/pages\/37\/revisions\/296"}],"wp:attachment":[{"href":"https:\/\/paul-vialard.com\/en\/wp-json\/wp\/v2\/media?parent=37"}],"curies":[{"name":"wp","href":"https:\/\/api.w.org\/{rel}","templated":true}]}}